{"id":10,"date":"2024-05-27T09:24:06","date_gmt":"2024-05-27T09:24:06","guid":{"rendered":"https:\/\/diem-konstruktionen.ch\/?page_id=10"},"modified":"2024-10-07T14:09:30","modified_gmt":"2024-10-07T12:09:30","slug":"agb","status":"publish","type":"page","link":"https:\/\/diem-konstruktionen.ch\/?page_id=10","title":{"rendered":"AGB"},"content":{"rendered":"<h3><span style=\"font-family: arial, helvetica, sans-serif;\">Allgemeine Gesch\u00e4ftsbedingungen Diem Konstruktionen GmbH (Dienstleistung)<\/span><\/h3>\n<p><span style=\"font-family: arial, helvetica, sans-serif;\"><strong>\u00a0<\/strong><\/span><\/p>\n<h4><span style=\"font-family: arial, helvetica, sans-serif;\">1.\u00a0\u00a0\u00a0\u00a0\u00a0\u00a0\u00a0\u00a0 Geltungsbereich<\/span><\/h4>\n<p>1.1\u00a0 \u00a0 \u00a0Diese AGB gelten f\u00fcr alle Gesch\u00e4ftsbeziehungen zwischen der Diem-Konstruktionen GmbH und dem Kunden. Sie sind im Sinne einer umfassenden Zustimmung auch ohne besondere Bezugnahme f\u00fcr s\u00e4mtliche k\u00fcnftigen Gesch\u00e4fte verbindlich.<\/p>\n<p>1.2\u00a0\u00a0\u00a0\u00a0 S\u00e4mtliche Leistungen der Diem-Konstruktionen GmbH erfolgen auf Basis dieser AGB. Widersprechende Bedingungen sowie \u00c4nderungen und Nebenabreden sind nur g\u00fcltig, wenn sie schriftlich vereinbart wurden. Abweichenden Gesch\u00e4ftsbedingungen des Kunden wird hiermit ausdr\u00fccklich widersprochen.<\/p>\n<p>1.3\u00a0\u00a0\u00a0\u00a0 Die vorliegenden AGB k\u00f6nnen von der Diem-Konstruktionen GmbH jederzeit abge\u00e4ndert oder durch neue Bestimmungen ersetzt werden. Die ge\u00e4nderten Bedingungen werden dem Kunden in geeigneter Weise bekanntgegeben und gelten f\u00fcr alle ab ihrer Bekanntgabe eingegangenen Auftr\u00e4ge.<\/p>\n<h4><span style=\"font-family: arial, helvetica, sans-serif;\">2.\u00a0\u00a0\u00a0\u00a0\u00a0\u00a0\u00a0\u00a0 Vertragsabschluss<\/span><\/h4>\n<p>2.1\u00a0\u00a0\u00a0\u00a0 Alle Angebote der Diem-Konstruktionen GmbH sind freibleibend; Angaben und Preise sind erst bei definitiver schriftlicher Auftragsbest\u00e4tigung verbindlich.<\/p>\n<p>2.2\u00a0\u00a0\u00a0\u00a0 Gegenofferten und\/oder Angebote des Kunden gelten nur mit schriftlicher Erkl\u00e4rung der Diem-Konstruktionen GmbH als angenommen. Schweigen der Diem-Konstruktionen GmbH auf ein Best\u00e4tigungsschreiben des Kunden gilt nicht als Annahme.<\/p>\n<p>2.3\u00a0\u00a0\u00a0\u00a0 Auf Vertrags\u00e4nderung oder Vertragsbeendigung gerichtete Erkl\u00e4rungen des Kunden bed\u00fcrfen zu ihrer G\u00fcltigkeit der Schriftform.<\/p>\n<h4><span style=\"font-family: arial, helvetica, sans-serif;\">3.\u00a0\u00a0\u00a0\u00a0\u00a0\u00a0\u00a0\u00a0 Preise<\/span><\/h4>\n<p>3.1\u00a0 \u00a0 \u00a0Es gelten die Ans\u00e4tze gem\u00e4ss Offerte bzw. Auftragsbest\u00e4tigung; s\u00e4mtliche Preise verstehen sich exklusive Mehrwertsteuer.<\/p>\n<p>3.2\u00a0 \u00a0 \u00a0Sofern nicht anders schriftlich vereinbart, tr\u00e4gt der Kunde s\u00e4mtliche mit der Leistungserbringung der Diem-Konstruktionen GmbH zusammenh\u00e4ngenden Kosten. Fahrtzeit gilt als Arbeitszeit, gefahrene Kilometer werden nach den jeweiligen Ans\u00e4tzen verrechnet.<\/p>\n<p>3.3\u00a0 \u00a0 \u00a0F\u00fcr Nacht- (20.00 \u2013 06.00 Uhr), Samstags-, Sonntags- sowie Feiertagsarbeit wird ein Zuschlag von 50% verrechnet.<\/p>\n<p>3.4\u00a0 \u00a0 \u00a0F\u00fcr Unterbringung und Verpflegung gelten die orts\u00fcblichen Ans\u00e4tze.<\/p>\n<h4><span style=\"font-family: arial, helvetica, sans-serif;\">4.\u00a0\u00a0\u00a0\u00a0\u00a0\u00a0\u00a0\u00a0 Zahlungsbedingungen<\/span><\/h4>\n<p><strong>4.1<\/strong>\u00a0\u00a0\u00a0\u00a0 <strong>Rechnungen der Diem-Konstruktionen GmbH sind innert 14 Tagen nach Rechnungsdatum ohne Abzug zur Zahlung f\u00e4llig.<\/strong><\/p>\n<p><strong>4.2\u00a0<\/strong>\u00a0\u00a0\u00a0 <strong>Beanstandungen k\u00f6nnen nur innerhalb von 7 Tagen ber\u00fccksichtigt werden. <\/strong><\/p>\n<p>4.3\u00a0\u00a0\u00a0\u00a0 Nach Ablauf der Zahlungsfrist kommt der Kunde ohne Mahnung in Verzug, wobei ungeachtet weiterer Anspr\u00fcche ein Verzugszins in H\u00f6he von 5% p.a. geschuldet ist. Mahnspesen werden dem Kunden pro Mahnung mit CHF\u00a020.00 verrechnet.<\/p>\n<p>4.4\u00a0\u00a0\u00a0\u00a0 Bei Zahlungsverzug ist die Diem-Konstruktionen GmbH berechtigt, ihre Leistungen gegen\u00fcber dem Kunden aus diesem oder einem anderen Vertrag sofort einzustellen und von jedem Vertrag nach ihrer Wahl zur\u00fcckzutreten. Die Diem-Konstruktionen GmbH ist zudem berechtigt, f\u00fcr noch ausstehende Leistungen aus diesem oder einem anderen Vertrag vom Kunden Vorauszahlung oder Sicherstellung zu verlangen.<\/p>\n<p>4.5\u00a0\u00a0\u00a0\u00a0 Ein allf\u00e4lliger Leistungsverzug der Diem-Konstruktionen GmbH berechtigt den Kunden nicht zur Zahlungsverweigerung, ebenso wenig befreien Forderungen aus Gew\u00e4hrleistung von der Zahlungspflicht. Der Kunde kann mit Forderungen gegen die Diem-Konstruktionen GmbH nur dann verrechnen, wenn seine Forderungen unbestritten oder rechtskr\u00e4ftig sind.<\/p>\n<h4><span style=\"font-family: arial, helvetica, sans-serif;\">5.\u00a0\u00a0\u00a0\u00a0\u00a0\u00a0\u00a0\u00a0 Mitwirkungspflichten des Kunden<\/span><\/h4>\n<p>5.1\u00a0\u00a0\u00a0\u00a0 Der Kunde verpflichtet sich, die Diem-Konstruktionen GmbH bei der Leistungserbringung nach besten Kr\u00e4ften zu unterst\u00fctzen und rechtzeitig alle Voraussetzungen zu schaffen, die f\u00fcr die Leistungserbringung durch die Diem-Konstruktionen GmbH erforderlich sind, insbesondere:<\/p>\n<ol>\n<li>a) Rechtzeitige Beschaffung und Bereitstellung s\u00e4mtlicher notwendiger Informationen und Unterlagen;<\/li>\n<li>b) Rechtzeitige Orientierung \u00fcber besondere technischen Voraussetzungen und relevante Vorschriften;<\/li>\n<\/ol>\n<p>5.2\u00a0\u00a0\u00a0\u00a0 F\u00fchrt eine Verletzung der Mitwirkungspflichten des Kunden zu einem Mehraufwand bei der Diem-Konstruktionen GmbH, ist diese berechtigt, dem Kunden auf Grundlage der jeweils aktuellen Ans\u00e4tze zus\u00e4tzlich Rechnung zu stellen. Dar\u00fcber hinaus gehende Anspr\u00fcche der Diem-Konstruktionen GmbH wegen Verletzung von Mitwirkungspflichten bleiben unber\u00fchrt.<\/p>\n<h4><span style=\"font-family: arial, helvetica, sans-serif;\">6.\u00a0\u00a0\u00a0\u00a0\u00a0\u00a0\u00a0\u00a0 Sicherheitsbestimmungen<\/span><\/h4>\n<p>6.1\u00a0\u00a0\u00a0\u00a0 Auf Wunsch des Kunden, werden seine Daten auf einem separaten Laufwerk gespeichert.<\/p>\n<p>6.2\u00a0\u00a0\u00a0\u00a0 Das Laufwerk wird dem Kunden in Rechnung gestellt. (ca. 50-100 CHF)<\/p>\n<p>6.3\u00a0\u00a0\u00a0\u00a0 Werden die Konstruktionsdaten nach Abschluss des Auftrages vollumf\u00e4nglich dem Kunden zugesandt, entf\u00e4llt die Gew\u00e4hrleistung.<\/p>\n<p>6.4\u00a0\u00a0\u00a0\u00a0\u00a0\u00a0\u00a0\u00a0\u00a0 Die Datenpflege nach Abschluss des Auftrages ist Aufgabe des Kunden<\/p>\n<h4><span style=\"font-family: arial, helvetica, sans-serif;\">7.\u00a0\u00a0\u00a0\u00a0\u00a0\u00a0\u00a0\u00a0 Termine<\/span><\/h4>\n<p>7.1\u00a0\u00a0\u00a0\u00a0 S\u00e4mtliche vereinbarten Termine sind Terminziele. Der Kunde hat der Diem-Konstruktionen GmbH bei Nichteinhaltung eine angemessene zus\u00e4tzliche Frist zur Leistung anzusetzen. Erst mit dem unben\u00fctzten Ablauf dieser Frist gelangt die Diem-Konstruktionen GmbH in Verzug. Die Haftung f\u00fcr Verzugssch\u00e4den richtet sich ausschliesslich nach Ziff. 9 nachstehend.<\/p>\n<p>7.2\u00a0\u00a0\u00a0\u00a0 Erf\u00fcllt der Kunde vertragliche Verpflichtungen, insbesondere Mitwirkungs- oder Nebenpflichten wie Zahlungsverpflichtungen, Leistung notwendiger Vorbereitungsarbeiten, Zugangsm\u00f6glichkeiten etc. nicht oder nicht rechtzeitig, werden Termine angemessen verl\u00e4ngert. Allf\u00e4llige Rechte der Diem-Konstruktionen GmbH aus dem Verzug des Kunden bleiben davon unber\u00fchrt.<\/p>\n<p>7.3\u00a0\u00a0\u00a0\u00a0 In F\u00e4llen h\u00f6herer Gewalt, die der Diem-Konstruktionen GmbH die Leistungserbringung erschweren oder verunm\u00f6glichen, ist die Diem-Konstruktionen GmbH berechtigt, die Leistungserbringung um die Dauer der Behinderung sowie eine angemessene Anlaufzeit hinauszuschieben. Als F\u00e4lle h\u00f6herer Gewalt gelten auch Transportverz\u00f6gerungen, Ausf\u00e4lle von ben\u00f6tigten Maschinen und Systemen oder weitere, von keiner Partei zu vertretende Umst\u00e4nde sowie der Eintritt solcher Ereignisse in fremden Betrieben. Ein Ereignis h\u00f6herer Gewalt ist dem Kunden unverz\u00fcglich anzuzeigen. Schadenersatzanspr\u00fcche des Kunden sind ausgeschlossen.<\/p>\n<h4><span style=\"font-family: arial, helvetica, sans-serif;\">8.\u00a0\u00a0\u00a0\u00a0\u00a0\u00a0\u00a0\u00a0 Gew\u00e4hrleistung<\/span><\/h4>\n<p>8.1\u00a0\u00a0\u00a0\u00a0 Vertragsgem\u00e4ssheit bzw. Mangelhaftigkeit der Leistung der Diem-Konstruktionen GmbH bemessen sich nach den ausdr\u00fccklichen schriftlichen vertraglichen Vereinbarungen. Sofern kein besonderes Abnahmeverfahren vereinbart ist, hat der Kunde die Leistungen der Diem-Konstruktionen GmbH unverz\u00fcglich zu untersuchen und etwaige Beanstandungen sofort detailliert schriftlich anzuzeigen. Unterlassene Anzeige gilt als vorbehaltlose Genehmigung.<\/p>\n<p>8.2 \u00a0\u00a0\u00a0 Von der Gew\u00e4hrleistung ausgeschlossen sind von der Diem-Konstruktionen GmbH nicht zu vertretende M\u00e4ngel und St\u00f6rungen durch h\u00f6here Gewalt, externe Einfl\u00fcsse sowie mangelhafte Erf\u00fcllung der Mitwirkungspflichten durch den Kunden.<\/p>\n<p>8.3\u00a0\u00a0\u00a0\u00a0 Beim Vorliegen eines Mangels hat die Diem-Konstruktionen GmbH das Recht, innert angemessener Frist durch Nachbesserung nachzuerf\u00fcllen. Die Geltendmachung von Schaden- oder Aufwendungsersatz richtet sich ausschliesslich nach Ziff. 9 nachstehend.<\/p>\n<p>8.4\u00a0\u00a0\u00a0\u00a0 Etwaige Massnahmen der Diem-Konstruktionen GmbH zum Zwecke der Schadensminderung gelten nicht als Anerkennung eines Mangels, Verhandlungen \u00fcber eine Beanstandung nicht als Verzicht auf Einreden irgendwelcher Art.<\/p>\n<h4><span style=\"font-family: arial, helvetica, sans-serif;\">9.\u00a0\u00a0\u00a0\u00a0\u00a0\u00a0\u00a0\u00a0 Haftungsbeschr\u00e4nkung<\/span><\/h4>\n<p>9.1\u00a0\u00a0\u00a0\u00a0 Die Diem-Konstruktionen GmbH haftet ausschliesslich f\u00fcr direkte Sch\u00e4den, die von ihr oder ihren Hilfspersonen durch Vorsatz oder grobe Fahrl\u00e4ssigkeit verursacht worden sind. Jede Haftung f\u00fcr indirekte oder Folge-Sch\u00e4den wie entgangener Gewinn und Verm\u00f6genssch\u00e4den anderer Art ist ausgeschlossen.<\/p>\n<p>9.2\u00a0\u00a0\u00a0\u00a0 Die Haftung der Diem-Konstruktionen GmbH ist in jedem Fall auf den Deckungsbereich ihrer Betriebshaftpflichtversicherung beschr\u00e4nkt.<\/p>\n<p>&nbsp;<\/p>\n<h4><span style=\"font-family: arial, helvetica, sans-serif;\">10.\u00a0 \u00a0 \u00a0 \u00a0<\/span><span style=\"font-family: arial, helvetica, sans-serif;\"><strong>Schlussbestimmungen<\/strong><\/span><\/h4>\n<p>10.1\u00a0\u00a0 Sollten einzelne Bestimmungen dieser AGB unwirksam oder ung\u00fcltig sein oder werden, so bleibt die G\u00fcltigkeit und Wirksamkeit der \u00fcbrigen Bestimmungen hiervon unber\u00fchrt. In einem solchen Fall ist die ung\u00fcltige Bestimmung in dem Sinne umzudeuten oder zu erg\u00e4nzen, dass der mit ihr beabsichtigte Regelungszweck m\u00f6glichst erreicht wird.<\/p>\n<p>10.2\u00a0\u00a0 Diese AGB sowie die zwischen dem Kunden und der Diem-Konstruktionen GmbH bestehenden Einzelvertr\u00e4gen unterstehen ausschliesslich dem schweizerischen Recht unter ausdr\u00fccklichem Ausschluss von staatsvertraglichen Normen.<\/p>\n<p>10.3\u00a0\u00a0 Gerichtstand f\u00fcr alle Streitigkeiten aus diesen AGB sowie den jeweiligen Einzelvertr\u00e4gen ist der Sitz der Diem-Konstruktionen GmbH, derzeit <strong>CH-8512 Thundorf<\/strong>. Die Diem-Konstruktionen GmbH ist berechtigt, den Kunden auch an seinem ordentlichen Gerichtsstand zu belangen.<\/p>\n<p>&nbsp;<\/p>\n<p><span style=\"font-family: arial, helvetica, sans-serif;\">Allgemeine Gesch\u00e4ftsbedingungen<\/span><\/p>\n<p><span style=\"font-family: arial, helvetica, sans-serif;\">Diem-Konstruktionen GmbH<\/span><\/p>\n<p><span style=\"font-family: arial, helvetica, sans-serif;\">Stand:\u00a0 Oktober 2024<\/span><\/p>\n<p>&nbsp;<\/p>\n","protected":false},"excerpt":{"rendered":"<p>Allgemeine Gesch\u00e4ftsbedingungen Diem Konstruktionen GmbH (Dienstleistung) \u00a0 1.\u00a0\u00a0\u00a0\u00a0\u00a0\u00a0\u00a0\u00a0 Geltungsbereich 1.1\u00a0 \u00a0 \u00a0Diese AGB gelten f\u00fcr alle Gesch\u00e4ftsbeziehungen zwischen der Diem-Konstruktionen GmbH und dem Kunden. Sie &hellip;<\/p>\n","protected":false},"author":1,"featured_media":0,"parent":0,"menu_order":0,"comment_status":"closed","ping_status":"closed","template":"","meta":{"footnotes":""},"class_list":["post-10","page","type-page","status-publish","hentry"],"_links":{"self":[{"href":"https:\/\/diem-konstruktionen.ch\/index.php?rest_route=\/wp\/v2\/pages\/10","targetHints":{"allow":["GET"]}}],"collection":[{"href":"https:\/\/diem-konstruktionen.ch\/index.php?rest_route=\/wp\/v2\/pages"}],"about":[{"href":"https:\/\/diem-konstruktionen.ch\/index.php?rest_route=\/wp\/v2\/types\/page"}],"author":[{"embeddable":true,"href":"https:\/\/diem-konstruktionen.ch\/index.php?rest_route=\/wp\/v2\/users\/1"}],"replies":[{"embeddable":true,"href":"https:\/\/diem-konstruktionen.ch\/index.php?rest_route=%2Fwp%2Fv2%2Fcomments&post=10"}],"version-history":[{"count":12,"href":"https:\/\/diem-konstruktionen.ch\/index.php?rest_route=\/wp\/v2\/pages\/10\/revisions"}],"predecessor-version":[{"id":793,"href":"https:\/\/diem-konstruktionen.ch\/index.php?rest_route=\/wp\/v2\/pages\/10\/revisions\/793"}],"wp:attachment":[{"href":"https:\/\/diem-konstruktionen.ch\/index.php?rest_route=%2Fwp%2Fv2%2Fmedia&parent=10"}],"curies":[{"name":"wp","href":"https:\/\/api.w.org\/{rel}","templated":true}]}}