{"id":14,"date":"2024-05-27T09:24:42","date_gmt":"2024-05-27T09:24:42","guid":{"rendered":"https:\/\/diem-konstruktionen.ch\/?page_id=14"},"modified":"2026-03-17T10:00:56","modified_gmt":"2026-03-17T09:00:56","slug":"dienstleistungen","status":"publish","type":"page","link":"https:\/\/diem-konstruktionen.ch\/?page_id=14","title":{"rendered":"DIENSTLEISTUNGEN"},"content":{"rendered":"\t\t<div data-elementor-type=\"wp-page\" data-elementor-id=\"14\" class=\"elementor elementor-14\">\n\t\t\t\t<div class=\"elementor-element elementor-element-2966e089 e-flex e-con-boxed e-con e-parent\" data-id=\"2966e089\" data-element_type=\"container\" data-e-type=\"container\">\n\t\t\t\t\t<div class=\"e-con-inner\">\n\t\t\t\t<div class=\"elementor-element elementor-element-8c4f852 elementor-widget elementor-widget-heading\" data-id=\"8c4f852\" data-element_type=\"widget\" data-e-type=\"widget\" data-widget_type=\"heading.default\">\n\t\t\t\t<div class=\"elementor-widget-container\">\n\t\t\t\t\t<h2 class=\"elementor-heading-title elementor-size-default\"><strong>Leistungsumfang der Diem Konstruktionen GmbH<\/strong><\/h2>\t\t\t\t<\/div>\n\t\t\t\t<\/div>\n\t\t\t\t<div class=\"elementor-element elementor-element-6099f2fa elementor-widget elementor-widget-text-editor\" data-id=\"6099f2fa\" data-element_type=\"widget\" data-e-type=\"widget\" data-widget_type=\"text-editor.default\">\n\t\t\t\t<div class=\"elementor-widget-container\">\n\t\t\t\t\t\t\t\t\t<p><strong>Konstruktion<\/strong><\/p>\n<p>Ich arbeite mit&nbsp;<strong><em>Solid Edge 2026<\/em><\/strong>&nbsp;und erstelle f\u00fcr meine Kunden:<\/p>\n<ol>\n<li>Einfache 3D Modelle f\u00fcr Angebote und Handouts, nach genauen Angaben durch den Kunden.<\/li>\n<li>Komplexe 3D Baugruppen nach genauen Angaben durch den Kunden.<\/li>\n<li>\u00dcbersichts-, Baugruppen-, und Einzelteilzeichnungen mit Plankopf des Kunden.<\/li>\n<li>Produktionsunterlagen f\u00fcr die Lieferanten (Abwicklungen, DXF, STEP, PDF)<\/li>\n<li>St\u00fccklisten nach Angaben des Kunden.<\/li>\n<\/ol>\n<p><strong>Projektplanung \/ &#8211; Begleitung<\/strong><\/p>\n<p>Wenn gew\u00fcnscht, \u00fcberwache ich den Ablauf des Projekts bis zur Endmontage.<\/p>\n<p><strong>Beschaffung &amp; Logistik<\/strong><\/p>\n<p>F\u00fcr manchen Kunden ist es kosteng\u00fcnstiger, wenn ich seine Bauteile gleich beim Lieferanten seiner Wahl bestelle, die Leistung und Lieferung des Lieferanten \u00fcberwache und eine Qualit\u00e4tspr\u00fcfung vornehme.<\/p>\n<p>Auch kann ich auf meine Partnerfirmen: <strong>WEPAG<\/strong> und <strong>Kernen AG<\/strong> zur\u00fcckgreifen, welche Engineering und Produktionsdienstleistungen im Anlagenbau anbieten.<\/p>\n<p>Die Rechnungen werden jeweils durch den Kunden beglichen.<\/p>\n<p><strong>3D-Druck von Modellen und Prototypen<\/strong><\/p>\n<p>Um ein Bauteil, eine Maschine, ein Projekt, \u00abbegreifen\u00bb zu k\u00f6nnen, ist es n\u00fctzlich ein physisches Modell in die Hand nehmen zu k\u00f6nnen. Deshalb habe ich mich mit dem 3D Druck von einfachen Kunststoffmodellen auseinandergesetzt.<\/p>\n<p>Kleinere Modelle kann ich auf meinem PRUSA 3D Drucker erstellen. Gr\u00f6ssere k\u00f6nnen bei Druckfarmen bestellt werden.<\/p>\n<p>Die Preise richten sich nach Aufwand. Gerne erstelle ich ihnen ein Angebot.<\/p>\n<p>Siehe auch unter Referenzen \u00ab3D Druck\u00bb.<\/p>\n<p><strong>Stundensatz<\/strong><\/p>\n<ul>\n<li>F\u00fcr Beratung, Konstruktion, Planung und Beschaffung gelten:&nbsp;105&nbsp;CHF\/Std.<\/li>\n<li>Baustellenbesuche und Reisen:&nbsp;105&nbsp;CHF\/Std. &amp; Spesen.<\/li>\n<li>Projekte werden monatlich, oder gem\u00e4ss Offerte abgerechnet.<\/li>\n<\/ul>\n<p>Es gelten die AGB der Diem Konstruktionen GmbH<\/p>\t\t\t\t\t\t\t\t<\/div>\n\t\t\t\t<\/div>\n\t\t\t\t\t<\/div>\n\t\t\t\t<\/div>\n\t\t\t\t<\/div>\n\t\t","protected":false},"excerpt":{"rendered":"<p>Leistungsumfang der Diem Konstruktionen GmbH Konstruktion Ich arbeite mit&nbsp;Solid Edge 2026&nbsp;und erstelle f\u00fcr meine Kunden: Einfache 3D Modelle f\u00fcr Angebote und Handouts, nach genauen Angaben &hellip;<\/p>\n","protected":false},"author":1,"featured_media":0,"parent":0,"menu_order":0,"comment_status":"closed","ping_status":"closed","template":"","meta":{"footnotes":""},"class_list":["post-14","page","type-page","status-publish","hentry"],"_links":{"self":[{"href":"https:\/\/diem-konstruktionen.ch\/index.php?rest_route=\/wp\/v2\/pages\/14","targetHints":{"allow":["GET"]}}],"collection":[{"href":"https:\/\/diem-konstruktionen.ch\/index.php?rest_route=\/wp\/v2\/pages"}],"about":[{"href":"https:\/\/diem-konstruktionen.ch\/index.php?rest_route=\/wp\/v2\/types\/page"}],"author":[{"embeddable":true,"href":"https:\/\/diem-konstruktionen.ch\/index.php?rest_route=\/wp\/v2\/users\/1"}],"replies":[{"embeddable":true,"href":"https:\/\/diem-konstruktionen.ch\/index.php?rest_route=%2Fwp%2Fv2%2Fcomments&post=14"}],"version-history":[{"count":12,"href":"https:\/\/diem-konstruktionen.ch\/index.php?rest_route=\/wp\/v2\/pages\/14\/revisions"}],"predecessor-version":[{"id":808,"href":"https:\/\/diem-konstruktionen.ch\/index.php?rest_route=\/wp\/v2\/pages\/14\/revisions\/808"}],"wp:attachment":[{"href":"https:\/\/diem-konstruktionen.ch\/index.php?rest_route=%2Fwp%2Fv2%2Fmedia&parent=14"}],"curies":[{"name":"wp","href":"https:\/\/api.w.org\/{rel}","templated":true}]}}