{"id":26,"date":"2024-05-27T09:26:38","date_gmt":"2024-05-27T09:26:38","guid":{"rendered":"https:\/\/diem-konstruktionen.ch\/?page_id=26"},"modified":"2024-08-25T15:03:14","modified_gmt":"2024-08-25T13:03:14","slug":"partnerfirmen","status":"publish","type":"page","link":"https:\/\/diem-konstruktionen.ch\/?page_id=26","title":{"rendered":"PARTNERFIRMEN"},"content":{"rendered":"\t\t<div data-elementor-type=\"wp-page\" data-elementor-id=\"26\" class=\"elementor elementor-26\">\n\t\t\t\t<div class=\"elementor-element elementor-element-2d307a8d e-flex e-con-boxed e-con e-parent\" data-id=\"2d307a8d\" data-element_type=\"container\" data-e-type=\"container\">\n\t\t\t\t\t<div class=\"e-con-inner\">\n\t\t\t\t<div class=\"elementor-element elementor-element-2f0895c elementor-widget elementor-widget-heading\" data-id=\"2f0895c\" data-element_type=\"widget\" data-e-type=\"widget\" data-widget_type=\"heading.default\">\n\t\t\t\t<div class=\"elementor-widget-container\">\n\t\t\t\t\t<h2 class=\"elementor-heading-title elementor-size-default\">Durch langj\u00e4hrige Zusammenarbeit werden aussergew\u00f6hnliche Projekte m\u00f6glich.<\/h2>\t\t\t\t<\/div>\n\t\t\t\t<\/div>\n\t\t\t\t<div class=\"elementor-element elementor-element-a4779ea elementor-widget elementor-widget-text-editor\" data-id=\"a4779ea\" data-element_type=\"widget\" data-e-type=\"widget\" data-widget_type=\"text-editor.default\">\n\t\t\t\t<div class=\"elementor-widget-container\">\n\t\t\t\t\t\t\t\t\t<div><div><p>Im Bereich der Metallkonstruktionen habe ich mir in den letzten Jahren einen guten Ruf aufgebaut, der durch erfolgreiche Zusammenarbeit mit namhaften Partnerfirmen gest\u00e4rkt wird.<\/p><\/div><\/div><p>Eine der wichtigsten Partnerfirmen ist Firma <a href=\"https:\/\/diem-konstruktionen.ch\/?page_id=160\">WEPAG\u00a0Engineering &amp; Technology<\/a>, die sich auf<br \/>anwendungsorientierte Technologien der Schmelzkleberverarbeitung spezialisiert.<\/p><p>Ein weiterer essenzieller Partner ist die Firma <a href=\"https:\/\/diem-konstruktionen.ch\/?page_id=18\">Kernen AG<\/a>, die Arbeiten wie Laserschneiden, Stanzen, Walzen, Abkanten bis zu Schweissen anbietet.<\/p>\t\t\t\t\t\t\t\t<\/div>\n\t\t\t\t<\/div>\n\t\t\t\t\t<\/div>\n\t\t\t\t<\/div>\n\t\t\t\t<\/div>\n\t\t","protected":false},"excerpt":{"rendered":"<p>Durch langj\u00e4hrige Zusammenarbeit werden aussergew\u00f6hnliche Projekte m\u00f6glich. Im Bereich der Metallkonstruktionen habe ich mir in den letzten Jahren einen guten Ruf aufgebaut, der durch erfolgreiche &hellip;<\/p>\n","protected":false},"author":1,"featured_media":0,"parent":0,"menu_order":0,"comment_status":"closed","ping_status":"closed","template":"","meta":{"footnotes":""},"class_list":["post-26","page","type-page","status-publish","hentry"],"_links":{"self":[{"href":"https:\/\/diem-konstruktionen.ch\/index.php?rest_route=\/wp\/v2\/pages\/26","targetHints":{"allow":["GET"]}}],"collection":[{"href":"https:\/\/diem-konstruktionen.ch\/index.php?rest_route=\/wp\/v2\/pages"}],"about":[{"href":"https:\/\/diem-konstruktionen.ch\/index.php?rest_route=\/wp\/v2\/types\/page"}],"author":[{"embeddable":true,"href":"https:\/\/diem-konstruktionen.ch\/index.php?rest_route=\/wp\/v2\/users\/1"}],"replies":[{"embeddable":true,"href":"https:\/\/diem-konstruktionen.ch\/index.php?rest_route=%2Fwp%2Fv2%2Fcomments&post=26"}],"version-history":[{"count":40,"href":"https:\/\/diem-konstruktionen.ch\/index.php?rest_route=\/wp\/v2\/pages\/26\/revisions"}],"predecessor-version":[{"id":769,"href":"https:\/\/diem-konstruktionen.ch\/index.php?rest_route=\/wp\/v2\/pages\/26\/revisions\/769"}],"wp:attachment":[{"href":"https:\/\/diem-konstruktionen.ch\/index.php?rest_route=%2Fwp%2Fv2%2Fmedia&parent=26"}],"curies":[{"name":"wp","href":"https:\/\/api.w.org\/{rel}","templated":true}]}}