{"id":6,"date":"2024-05-27T09:02:50","date_gmt":"2024-05-27T09:02:50","guid":{"rendered":"https:\/\/diem-konstruktionen.ch\/?page_id=6"},"modified":"2024-07-28T20:34:47","modified_gmt":"2024-07-28T18:34:47","slug":"ueber-mich","status":"publish","type":"page","link":"https:\/\/diem-konstruktionen.ch\/?page_id=6","title":{"rendered":"\u00dcBER MICH"},"content":{"rendered":"\t\t<div data-elementor-type=\"wp-page\" data-elementor-id=\"6\" class=\"elementor elementor-6\">\n\t\t\t\t<div class=\"elementor-element elementor-element-f6dea41 e-flex e-con-boxed e-con e-parent\" data-id=\"f6dea41\" data-element_type=\"container\" data-e-type=\"container\">\n\t\t\t\t\t<div class=\"e-con-inner\">\n\t\t\t\t<div class=\"elementor-element elementor-element-83cde12 elementor-widget elementor-widget-image\" data-id=\"83cde12\" data-element_type=\"widget\" data-e-type=\"widget\" data-widget_type=\"image.default\">\n\t\t\t\t<div class=\"elementor-widget-container\">\n\t\t\t\t\t\t\t\t\t\t\t\t\t\t\t<img fetchpriority=\"high\" decoding=\"async\" width=\"300\" height=\"300\" src=\"https:\/\/diem-konstruktionen.ch\/wp-content\/uploads\/2024\/05\/Diem-Portrait-300x300.png\" class=\"attachment-medium size-medium wp-image-80\" alt=\"christoph diem\" srcset=\"https:\/\/diem-konstruktionen.ch\/wp-content\/uploads\/2024\/05\/Diem-Portrait-300x300.png 300w, https:\/\/diem-konstruktionen.ch\/wp-content\/uploads\/2024\/05\/Diem-Portrait-1024x1024.png 1024w, https:\/\/diem-konstruktionen.ch\/wp-content\/uploads\/2024\/05\/Diem-Portrait-150x150.png 150w, https:\/\/diem-konstruktionen.ch\/wp-content\/uploads\/2024\/05\/Diem-Portrait-768x768.png 768w, https:\/\/diem-konstruktionen.ch\/wp-content\/uploads\/2024\/05\/Diem-Portrait-75x75.png 75w, https:\/\/diem-konstruktionen.ch\/wp-content\/uploads\/2024\/05\/Diem-Portrait.png 1080w\" sizes=\"(max-width: 300px) 100vw, 300px\" \/>\t\t\t\t\t\t\t\t\t\t\t\t\t\t\t<\/div>\n\t\t\t\t<\/div>\n\t\t\t\t\t<\/div>\n\t\t\t\t<\/div>\n\t\t<div class=\"elementor-element elementor-element-05f54e2 e-flex e-con-boxed e-con e-parent\" data-id=\"05f54e2\" data-element_type=\"container\" data-e-type=\"container\">\n\t\t\t\t\t<div class=\"e-con-inner\">\n\t\t\t\t<div class=\"elementor-element elementor-element-b770f3e elementor-widget elementor-widget-text-editor\" data-id=\"b770f3e\" data-element_type=\"widget\" data-e-type=\"widget\" data-widget_type=\"text-editor.default\">\n\t\t\t\t<div class=\"elementor-widget-container\">\n\t\t\t\t\t\t\t\t\t<p class=\"MsoNormal\"><span style=\"font-family: Arial, sans-serif; text-indent: 0em; color: var( --e-global-color-text ); text-align: var(--text-align);\">Seit \u00fcber 30 Jahren macht es mir Freude L\u00f6sungen f\u00fcr Projekte im Anlage- und Apparatebau zu entwickeln.<\/span><\/p>\n<p class=\"MsoNormal\"><span style=\"font-family: 'Arial',sans-serif;\">W\u00e4hrend meiner Ausbildung zum Anlage- und Apparatebauer hatte ich die M\u00f6glichkeit mir das Basiswissen und K\u00f6nnen f\u00fcr meine T\u00e4tigkeit als Konstrukteur zu erarbeiten. So konnte ich zus\u00e4tzlich zu den Schlosserarbeiten auch das Drehen, Fr\u00e4sen und Hobeln, sowie das Schmieden von Werkzeug erlernen.<\/span><\/p>\n<p class=\"MsoNormal\"><span style=\"font-family: 'Arial',sans-serif;\">Da ich gerne auch etwas selber gestalten wollte, habe ich mich dann zur Weiterbildung als Stahlbaukonstrukteur entschlossen.<\/span><\/p>\n<p class=\"MsoNormal\"><span style=\"font-family: 'Arial',sans-serif;\">In der Folge konnte ich wertvolle Erfahrungen bei der Engineering Firma Innoplana AG im Bereich Anlagebau sammeln. Als Konstrukteur, Monteur und Techniker konnte ich Kl\u00e4rschlammtrocknungsanlagen zusammen mit den Ingenieuren planen, und diese bis zur Inbetriebnahme begleiten.<\/span><\/p>\n<p class=\"MsoNormal\"><span style=\"font-family: 'Arial',sans-serif;\">Dieses R\u00fcstzeug half mir dann auch sp\u00e4ter bei der Firma SAUTER- Belimed in Sulgen, Industrieheizanlagen f\u00fcr die Betonindustrie zu Planen und Neuentwicklungen zu entwerfen. <\/span><\/p>\n<p class=\"MsoNormal\"><span style=\"font-family: 'Arial',sans-serif;\">Es ist mir immer ein wichtiges Bestreben, mich st\u00e4ndig weiterzubilden. So konnte ich den Wechsel von der 2D auf die 3D Konstruktion bewerkstelligen. Sp\u00e4ter kam dann der Technische Kaufmann mit Eidg. Fachabschluss dazu um die Kaufm\u00e4nnischen Prozesse besser verstehen und anwenden zu k\u00f6nnen.<\/span><\/p>\n<p class=\"MsoNormal\"><span style=\"font-family: 'Arial',sans-serif;\">Mit Hilfe meines damaligen Arbeitgebers KERNEN AG in Buhwil , und einem unserer Hauptkunden aus dem Bereich Textiltechnik (WEPAG) hatte ich 2019 die M\u00f6glichkeit mich selbst\u00e4ndig zu machen.<\/span><\/p>\n<p class=\"MsoNormal\"><span style=\"font-family: 'Arial',sans-serif;\">In der Folge kann ich ein preisg\u00fcnstiges und smartes Konstruktionsangebot anbieten.<\/span><\/p>\n<p><\/p>\n<p class=\"MsoNormal\"><span style=\"font-family: 'Arial',sans-serif;\">Ich freue mich, wenn ich auch f\u00fcr Sie L\u00f6sungen f\u00fcr Ihre Projekte, Maschinen und Anlagen finden d\u00fcrfte.<\/span><\/p>\n<p class=\"MsoNormal\">Christoph Diem<\/p>\t\t\t\t\t\t\t\t<\/div>\n\t\t\t\t<\/div>\n\t\t\t\t\t<\/div>\n\t\t\t\t<\/div>\n\t\t\t\t<\/div>\n\t\t","protected":false},"excerpt":{"rendered":"<p>Seit \u00fcber 30 Jahren macht es mir Freude L\u00f6sungen f\u00fcr Projekte im Anlage- und Apparatebau zu entwickeln. W\u00e4hrend meiner Ausbildung zum Anlage- und Apparatebauer hatte &hellip;<\/p>\n","protected":false},"author":1,"featured_media":0,"parent":0,"menu_order":0,"comment_status":"closed","ping_status":"closed","template":"","meta":{"footnotes":""},"class_list":["post-6","page","type-page","status-publish","hentry"],"_links":{"self":[{"href":"https:\/\/diem-konstruktionen.ch\/index.php?rest_route=\/wp\/v2\/pages\/6","targetHints":{"allow":["GET"]}}],"collection":[{"href":"https:\/\/diem-konstruktionen.ch\/index.php?rest_route=\/wp\/v2\/pages"}],"about":[{"href":"https:\/\/diem-konstruktionen.ch\/index.php?rest_route=\/wp\/v2\/types\/page"}],"author":[{"embeddable":true,"href":"https:\/\/diem-konstruktionen.ch\/index.php?rest_route=\/wp\/v2\/users\/1"}],"replies":[{"embeddable":true,"href":"https:\/\/diem-konstruktionen.ch\/index.php?rest_route=%2Fwp%2Fv2%2Fcomments&post=6"}],"version-history":[{"count":14,"href":"https:\/\/diem-konstruktionen.ch\/index.php?rest_route=\/wp\/v2\/pages\/6\/revisions"}],"predecessor-version":[{"id":687,"href":"https:\/\/diem-konstruktionen.ch\/index.php?rest_route=\/wp\/v2\/pages\/6\/revisions\/687"}],"wp:attachment":[{"href":"https:\/\/diem-konstruktionen.ch\/index.php?rest_route=%2Fwp%2Fv2%2Fmedia&parent=6"}],"curies":[{"name":"wp","href":"https:\/\/api.w.org\/{rel}","templated":true}]}}