{"id":8,"date":"2024-05-27T09:23:56","date_gmt":"2024-05-27T09:23:56","guid":{"rendered":"https:\/\/diem-konstruktionen.ch\/?page_id=8"},"modified":"2024-07-28T19:18:01","modified_gmt":"2024-07-28T17:18:01","slug":"3d-druck","status":"publish","type":"page","link":"https:\/\/diem-konstruktionen.ch\/?page_id=8","title":{"rendered":"3D-DRUCK"},"content":{"rendered":"\t\t<div data-elementor-type=\"wp-page\" data-elementor-id=\"8\" class=\"elementor elementor-8\">\n\t\t\t\t<div class=\"elementor-element elementor-element-5f49c791 e-flex e-con-boxed e-con e-parent\" data-id=\"5f49c791\" data-element_type=\"container\" data-e-type=\"container\">\n\t\t\t\t\t<div class=\"e-con-inner\">\n\t\t\t\t<div class=\"elementor-element elementor-element-2a58775 elementor-widget elementor-widget-heading\" data-id=\"2a58775\" data-element_type=\"widget\" data-e-type=\"widget\" data-widget_type=\"heading.default\">\n\t\t\t\t<div class=\"elementor-widget-container\">\n\t\t\t\t\t<h2 class=\"elementor-heading-title elementor-size-default\">Metall, neu definiert: Pr\u00e4zision und Innovation durch 3-Druck.<\/h2>\t\t\t\t<\/div>\n\t\t\t\t<\/div>\n\t\t\t\t<div class=\"elementor-element elementor-element-6bfd6a3 elementor-widget elementor-widget-text-editor\" data-id=\"6bfd6a3\" data-element_type=\"widget\" data-e-type=\"widget\" data-widget_type=\"text-editor.default\">\n\t\t\t\t<div class=\"elementor-widget-container\">\n\t\t\t\t\t\t\t\t\t<div style=\"line-height: 1.4; direction: ltr; margin-left: 0px;\"><div><p><span style=\"color: #8b8b8b; font-family: arial, helvetica, sans-serif;\">Der 3D-Druck f\u00fcr Metallkonstruktionen hat in den letzten Jahren erheblich an Bedeutung gewonnen.<\/span><\/p><p><span style=\"color: #8b8b8b; font-family: arial, helvetica, sans-serif; letter-spacing: 0em;\">Die Herstellung von Modellen mittels 3D-Druck bietet zahlreiche Vorteile. Erstens erm\u00f6glicht sie eine schnelle Prototypenentwicklung, was besonders in der Produktentwicklung von gro\u00dfem Nutzen ist. Ingenieure und Designer k\u00f6nnen ihre Entw\u00fcrfe rasch in physische Modelle umwandeln, um sie zu testen und zu verfeinern. Zweitens reduziert der 3D-Druck den Materialverbrauch, da nur das notwendige Material verwendet wird. Dies f\u00fchrt zu weniger Abfall und somit zu einer nachhaltigeren Produktion. Schlie\u00dflich bietet der 3D-Druck auch eine hohe Flexibilit\u00e4t, da \u00c4nderungen am Design einfach und kosteng\u00fcnstig vorgenommen werden k\u00f6nnen.<\/span><\/p><\/div><div><div style=\"line-height: 1.4; direction: ltr; margin-left: 0px;\"><p><span style=\"font-size: 16px; font-weight: 400; font-style: normal; color: #000000; letter-spacing: 0em; font-family: arial, helvetica, sans-serif;\"><span style=\"color: #8b8b8b;\">Zusammengefasst bietet der 3D-Druck f\u00fcr Metallkonstruktionen innovative L\u00f6sungen, die sowohl die Effizienz als auch die Kreativit\u00e4t in der Fertigungsindustrie steigern.<\/span><br \/><\/span><\/p><\/div><\/div><\/div>\t\t\t\t\t\t\t\t<\/div>\n\t\t\t\t<\/div>\n\t\t\t\t\t<\/div>\n\t\t\t\t<\/div>\n\t\t<div class=\"elementor-element elementor-element-2db1ecf e-flex e-con-boxed e-con e-parent\" data-id=\"2db1ecf\" data-element_type=\"container\" data-e-type=\"container\">\n\t\t\t\t\t<div class=\"e-con-inner\">\n\t\t\t\t<div class=\"elementor-element elementor-element-0828929 elementor-arrows-position-inside elementor-pagination-position-outside elementor-widget elementor-widget-image-carousel\" data-id=\"0828929\" data-element_type=\"widget\" data-e-type=\"widget\" data-settings=\"{&quot;slides_to_show&quot;:&quot;1&quot;,&quot;navigation&quot;:&quot;both&quot;,&quot;autoplay&quot;:&quot;yes&quot;,&quot;pause_on_hover&quot;:&quot;yes&quot;,&quot;pause_on_interaction&quot;:&quot;yes&quot;,&quot;autoplay_speed&quot;:5000,&quot;infinite&quot;:&quot;yes&quot;,&quot;effect&quot;:&quot;slide&quot;,&quot;speed&quot;:500}\" data-widget_type=\"image-carousel.default\">\n\t\t\t\t<div class=\"elementor-widget-container\">\n\t\t\t\t\t\t\t<div class=\"elementor-image-carousel-wrapper swiper\" role=\"region\" aria-roledescription=\"carousel\" aria-label=\"Image Carousel\" dir=\"ltr\">\n\t\t\t<div class=\"elementor-image-carousel swiper-wrapper\" aria-live=\"off\">\n\t\t\t\t\t\t\t\t<div class=\"swiper-slide\" role=\"group\" aria-roledescription=\"slide\" aria-label=\"1 of 5\"><a data-elementor-open-lightbox=\"yes\" data-elementor-lightbox-slideshow=\"0828929\" data-elementor-lightbox-title=\"3D Modell Bandpresse f\u00fcr WEPAG\" data-e-action-hash=\"#elementor-action%3Aaction%3Dlightbox%26settings%3DeyJpZCI6NTg1LCJ1cmwiOiJodHRwczpcL1wvZGllbS1rb25zdHJ1a3Rpb25lbi5jaFwvd3AtY29udGVudFwvdXBsb2Fkc1wvMjAyNFwvMDdcLzNELU1vZGVsbC1CYW5kcHJlc3NlLWZ1ZXItV0VQQUcucG5nIiwic2xpZGVzaG93IjoiMDgyODkyOSJ9\" href=\"https:\/\/diem-konstruktionen.ch\/wp-content\/uploads\/2024\/07\/3D-Modell-Bandpresse-fuer-WEPAG.png\"><figure class=\"swiper-slide-inner\"><img decoding=\"async\" class=\"swiper-slide-image\" src=\"https:\/\/diem-konstruktionen.ch\/wp-content\/uploads\/2024\/07\/3D-Modell-Bandpresse-fuer-WEPAG.png\" alt=\"3D Modell Bandpresse f\u00fcr WEPAG\" \/><figcaption class=\"elementor-image-carousel-caption\">3D Modell Bandpresse f\u00fcr WEPAG<\/figcaption><\/figure><\/a><\/div><div class=\"swiper-slide\" role=\"group\" aria-roledescription=\"slide\" aria-label=\"2 of 5\"><a data-elementor-open-lightbox=\"yes\" data-elementor-lightbox-slideshow=\"0828929\" data-elementor-lightbox-title=\"Testmodells eines Schreders\" data-e-action-hash=\"#elementor-action%3Aaction%3Dlightbox%26settings%3DeyJpZCI6NTg2LCJ1cmwiOiJodHRwczpcL1wvZGllbS1rb25zdHJ1a3Rpb25lbi5jaFwvd3AtY29udGVudFwvdXBsb2Fkc1wvMjAyNFwvMDdcL1Rlc3Rtb2RlbGxzLWVpbmVzLVNjaHJlZGVycy5wbmciLCJzbGlkZXNob3ciOiIwODI4OTI5In0%3D\" href=\"https:\/\/diem-konstruktionen.ch\/wp-content\/uploads\/2024\/07\/Testmodells-eines-Schreders.png\"><figure class=\"swiper-slide-inner\"><img decoding=\"async\" class=\"swiper-slide-image\" src=\"https:\/\/diem-konstruktionen.ch\/wp-content\/uploads\/2024\/07\/Testmodells-eines-Schreders.png\" alt=\"Testmodells eines Schreders\" \/><figcaption class=\"elementor-image-carousel-caption\">Testmodells eines Schreders<\/figcaption><\/figure><\/a><\/div><div class=\"swiper-slide\" role=\"group\" aria-roledescription=\"slide\" aria-label=\"3 of 5\"><a data-elementor-open-lightbox=\"yes\" data-elementor-lightbox-slideshow=\"0828929\" data-elementor-lightbox-title=\"Rohlinge f\u00fcr ein Anlagemodell eines Kunden, zur Projektbegleitung\" data-e-action-hash=\"#elementor-action%3Aaction%3Dlightbox%26settings%3DeyJpZCI6NTg3LCJ1cmwiOiJodHRwczpcL1wvZGllbS1rb25zdHJ1a3Rpb25lbi5jaFwvd3AtY29udGVudFwvdXBsb2Fkc1wvMjAyNFwvMDdcL1JvaGxpbmdlLWZ1ZXItZWluLUFubGFnZW1vZGVsbC1laW5lcy1LdW5kZW4tenVyLVByb2pla3RiZWdsZWl0dW5nLnBuZyIsInNsaWRlc2hvdyI6IjA4Mjg5MjkifQ%3D%3D\" href=\"https:\/\/diem-konstruktionen.ch\/wp-content\/uploads\/2024\/07\/Rohlinge-fuer-ein-Anlagemodell-eines-Kunden-zur-Projektbegleitung.png\"><figure class=\"swiper-slide-inner\"><img decoding=\"async\" class=\"swiper-slide-image\" src=\"https:\/\/diem-konstruktionen.ch\/wp-content\/uploads\/2024\/07\/Rohlinge-fuer-ein-Anlagemodell-eines-Kunden-zur-Projektbegleitung.png\" alt=\"Rohlinge f\u00fcr ein Anlagemodell eines Kunden, zur Projektbegleitung\" \/><figcaption class=\"elementor-image-carousel-caption\">Rohlinge f\u00fcr ein Anlagemodell eines Kunden, zur Projektbegleitung<\/figcaption><\/figure><\/a><\/div><div class=\"swiper-slide\" role=\"group\" aria-roledescription=\"slide\" aria-label=\"4 of 5\"><a data-elementor-open-lightbox=\"yes\" data-elementor-lightbox-slideshow=\"0828929\" data-elementor-lightbox-title=\"Rollenbock Modell f\u00fcr 3D Testdruck\" data-e-action-hash=\"#elementor-action%3Aaction%3Dlightbox%26settings%3DeyJpZCI6NTg4LCJ1cmwiOiJodHRwczpcL1wvZGllbS1rb25zdHJ1a3Rpb25lbi5jaFwvd3AtY29udGVudFwvdXBsb2Fkc1wvMjAyNFwvMDdcL1JvbGxlbmJvY2stTW9kZWxsLWZ1ZXItM0QtVGVzdGRydWNrLnBuZyIsInNsaWRlc2hvdyI6IjA4Mjg5MjkifQ%3D%3D\" href=\"https:\/\/diem-konstruktionen.ch\/wp-content\/uploads\/2024\/07\/Rollenbock-Modell-fuer-3D-Testdruck.png\"><figure class=\"swiper-slide-inner\"><img decoding=\"async\" class=\"swiper-slide-image\" src=\"https:\/\/diem-konstruktionen.ch\/wp-content\/uploads\/2024\/07\/Rollenbock-Modell-fuer-3D-Testdruck.png\" alt=\"Rollenbock Modell f\u00fcr 3D Testdruck\" \/><figcaption class=\"elementor-image-carousel-caption\">Rollenbock Modell f\u00fcr 3D Testdruck<\/figcaption><\/figure><\/a><\/div><div class=\"swiper-slide\" role=\"group\" aria-roledescription=\"slide\" aria-label=\"5 of 5\"><a data-elementor-open-lightbox=\"yes\" data-elementor-lightbox-slideshow=\"0828929\" data-elementor-lightbox-title=\"Peltonrad Modell f\u00fcr 3D Testdruck\" data-e-action-hash=\"#elementor-action%3Aaction%3Dlightbox%26settings%3DeyJpZCI6NTg5LCJ1cmwiOiJodHRwczpcL1wvZGllbS1rb25zdHJ1a3Rpb25lbi5jaFwvd3AtY29udGVudFwvdXBsb2Fkc1wvMjAyNFwvMDdcL1BlbHRvbnJhZC1Nb2RlbGwtZnVlci0zRC1UZXN0ZHJ1Y2sucG5nIiwic2xpZGVzaG93IjoiMDgyODkyOSJ9\" href=\"https:\/\/diem-konstruktionen.ch\/wp-content\/uploads\/2024\/07\/Peltonrad-Modell-fuer-3D-Testdruck.png\"><figure class=\"swiper-slide-inner\"><img decoding=\"async\" class=\"swiper-slide-image\" src=\"https:\/\/diem-konstruktionen.ch\/wp-content\/uploads\/2024\/07\/Peltonrad-Modell-fuer-3D-Testdruck.png\" alt=\"Peltonrad Modell f\u00fcr 3D Testdruck\" \/><figcaption class=\"elementor-image-carousel-caption\">Peltonrad Modell f\u00fcr 3D Testdruck<\/figcaption><\/figure><\/a><\/div>\t\t\t<\/div>\n\t\t\t\t\t\t\t\t\t\t\t\t<div class=\"elementor-swiper-button elementor-swiper-button-prev\" role=\"button\" tabindex=\"0\">\n\t\t\t\t\t\t<svg aria-hidden=\"true\" class=\"e-font-icon-svg e-eicon-chevron-left\" viewBox=\"0 0 1000 1000\" xmlns=\"http:\/\/www.w3.org\/2000\/svg\"><path d=\"M646 125C629 125 613 133 604 142L308 442C296 454 292 471 292 487 292 504 296 521 308 533L604 854C617 867 629 875 646 875 663 875 679 871 692 858 704 846 713 829 713 812 713 796 708 779 692 767L438 487 692 225C700 217 708 204 708 187 708 171 704 154 692 142 675 129 663 125 646 125Z\"><\/path><\/svg>\t\t\t\t\t<\/div>\n\t\t\t\t\t<div class=\"elementor-swiper-button elementor-swiper-button-next\" role=\"button\" tabindex=\"0\">\n\t\t\t\t\t\t<svg aria-hidden=\"true\" class=\"e-font-icon-svg e-eicon-chevron-right\" viewBox=\"0 0 1000 1000\" xmlns=\"http:\/\/www.w3.org\/2000\/svg\"><path d=\"M696 533C708 521 713 504 713 487 713 471 708 454 696 446L400 146C388 133 375 125 354 125 338 125 325 129 313 142 300 154 292 171 292 187 292 204 296 221 308 233L563 492 304 771C292 783 288 800 288 817 288 833 296 850 308 863 321 871 338 875 354 875 371 875 388 867 400 854L696 533Z\"><\/path><\/svg>\t\t\t\t\t<\/div>\n\t\t\t\t\n\t\t\t\t\t\t\t\t\t<div class=\"swiper-pagination\"><\/div>\n\t\t\t\t\t\t\t\t\t<\/div>\n\t\t\t\t\t\t<\/div>\n\t\t\t\t<\/div>\n\t\t\t\t\t<\/div>\n\t\t\t\t<\/div>\n\t\t\t\t<\/div>\n\t\t","protected":false},"excerpt":{"rendered":"<p>Metall, neu definiert: Pr\u00e4zision und Innovation durch 3-Druck. Der 3D-Druck f\u00fcr Metallkonstruktionen hat in den letzten Jahren erheblich an Bedeutung gewonnen. Die Herstellung von Modellen &hellip;<\/p>\n","protected":false},"author":1,"featured_media":0,"parent":0,"menu_order":0,"comment_status":"closed","ping_status":"closed","template":"","meta":{"footnotes":""},"class_list":["post-8","page","type-page","status-publish","hentry"],"_links":{"self":[{"href":"https:\/\/diem-konstruktionen.ch\/index.php?rest_route=\/wp\/v2\/pages\/8","targetHints":{"allow":["GET"]}}],"collection":[{"href":"https:\/\/diem-konstruktionen.ch\/index.php?rest_route=\/wp\/v2\/pages"}],"about":[{"href":"https:\/\/diem-konstruktionen.ch\/index.php?rest_route=\/wp\/v2\/types\/page"}],"author":[{"embeddable":true,"href":"https:\/\/diem-konstruktionen.ch\/index.php?rest_route=\/wp\/v2\/users\/1"}],"replies":[{"embeddable":true,"href":"https:\/\/diem-konstruktionen.ch\/index.php?rest_route=%2Fwp%2Fv2%2Fcomments&post=8"}],"version-history":[{"count":32,"href":"https:\/\/diem-konstruktionen.ch\/index.php?rest_route=\/wp\/v2\/pages\/8\/revisions"}],"predecessor-version":[{"id":592,"href":"https:\/\/diem-konstruktionen.ch\/index.php?rest_route=\/wp\/v2\/pages\/8\/revisions\/592"}],"wp:attachment":[{"href":"https:\/\/diem-konstruktionen.ch\/index.php?rest_route=%2Fwp%2Fv2%2Fmedia&parent=8"}],"curies":[{"name":"wp","href":"https:\/\/api.w.org\/{rel}","templated":true}]}}